{"id":381,"date":"2025-05-24T19:28:41","date_gmt":"2025-05-24T19:28:41","guid":{"rendered":"https:\/\/dissiiru.com.mx\/?post_type=product&#038;p=381"},"modified":"2025-05-27T22:20:37","modified_gmt":"2025-05-27T22:20:37","slug":"ylang-ylagn-complete","status":"publish","type":"product","link":"https:\/\/dissiiru.com.mx\/index.php\/producto\/ylang-ylagn-complete\/","title":{"rendered":"Ylang Ylagn Complete"},"content":{"rendered":"","protected":false},"excerpt":{"rendered":"<p><strong>Ylang Ylang Complete<\/strong><\/p>\n<p>El aceite de ylang ylang es imprescindible en la colecci\u00f3n de cualquier persona que lo use. Es un aceite vers\u00e1til; use Ylang Ylang Complete para estimular la circulaci\u00f3n, aliviar los s\u00edntomas de las alergias y aliviar el dolor general.<\/p>\n<ul>\n<li>Vers\u00e1til con muchos efectos.<\/li>\n<li>Promueve la apariencia de una piel saludable.<\/li>\n<li>Promueve la confianza en uno mismo<\/li>\n<\/ul>\n<p>Origen:\u00a0Madagascar<\/p>\n<p>M\u00e9todo de recolecci\u00f3n:\u00a0destilaci\u00f3n al vapor<\/p>\n<p>Parte de la planta:\u00a0Flor<\/p>\n<p>Constituyentes principales:\u00a0Germacreno D, \u03b2-cariofileno, farneseno<\/p>\n<p>Descripci\u00f3n arom\u00e1tica:\u00a0Dulce, vibrante, delicioso.<\/p>\n","protected":false},"featured_media":382,"comment_status":"open","ping_status":"closed","template":"","meta":[],"product_brand":[31],"product_cat":[26],"product_tag":[],"class_list":{"0":"post-381","1":"product","2":"type-product","3":"status-publish","4":"has-post-thumbnail","6":"product_brand-ultrra","7":"product_cat-rare-oils-singles","9":"first","10":"instock","11":"shipping-taxable","12":"purchasable","13":"product-type-simple"},"jetpack_sharing_enabled":true,"_links":{"self":[{"href":"https:\/\/dissiiru.com.mx\/index.php\/wp-json\/wp\/v2\/product\/381","targetHints":{"allow":["GET"]}}],"collection":[{"href":"https:\/\/dissiiru.com.mx\/index.php\/wp-json\/wp\/v2\/product"}],"about":[{"href":"https:\/\/dissiiru.com.mx\/index.php\/wp-json\/wp\/v2\/types\/product"}],"replies":[{"embeddable":true,"href":"https:\/\/dissiiru.com.mx\/index.php\/wp-json\/wp\/v2\/comments?post=381"}],"wp:featuredmedia":[{"embeddable":true,"href":"https:\/\/dissiiru.com.mx\/index.php\/wp-json\/wp\/v2\/media\/382"}],"wp:attachment":[{"href":"https:\/\/dissiiru.com.mx\/index.php\/wp-json\/wp\/v2\/media?parent=381"}],"wp:term":[{"taxonomy":"product_brand","embeddable":true,"href":"https:\/\/dissiiru.com.mx\/index.php\/wp-json\/wp\/v2\/product_brand?post=381"},{"taxonomy":"product_cat","embeddable":true,"href":"https:\/\/dissiiru.com.mx\/index.php\/wp-json\/wp\/v2\/product_cat?post=381"},{"taxonomy":"product_tag","embeddable":true,"href":"https:\/\/dissiiru.com.mx\/index.php\/wp-json\/wp\/v2\/product_tag?post=381"}],"curies":[{"name":"wp","href":"https:\/\/api.w.org\/{rel}","templated":true}]}}