{"id":376,"date":"2025-05-24T19:26:02","date_gmt":"2025-05-24T19:26:02","guid":{"rendered":"https:\/\/dissiiru.com.mx\/?post_type=product&#038;p=376"},"modified":"2025-05-27T22:25:11","modified_gmt":"2025-05-27T22:25:11","slug":"thyme","status":"publish","type":"product","link":"https:\/\/dissiiru.com.mx\/index.php\/producto\/thyme\/","title":{"rendered":"Thyme"},"content":{"rendered":"","protected":false},"excerpt":{"rendered":"<p><strong>Thyme<\/strong><\/p>\n<p>El aceite esencial de Thyme puede promover la claridad mental y la valent\u00eda. Su composici\u00f3n qu\u00edmica lo convierte en un aceite potente con potentes propiedades limpiadoras y purificadoras.<\/p>\n<ul>\n<li>Apoya el sistema inmunol\u00f3gico<\/li>\n<li>Imparte coraje a su portador<\/li>\n<li>Repele naturalmente a los insectos<\/li>\n<\/ul>\n<p>Origen:\u00a0Espa\u00f1a<\/p>\n<p>M\u00e9todo de recolecci\u00f3n:\u00a0destilaci\u00f3n al vapor<\/p>\n<p>Parte de la planta:\u00a0Hoja<\/p>\n<p>Componentes principales:\u00a0Timol, paracimeno<\/p>\n<p>Descripci\u00f3n arom\u00e1tica:\u00a0C\u00e1lido, herb\u00e1ceo, floral, polvoriento.<\/p>\n","protected":false},"featured_media":377,"comment_status":"open","ping_status":"closed","template":"","meta":[],"product_brand":[31],"product_cat":[26],"product_tag":[],"class_list":{"0":"post-376","1":"product","2":"type-product","3":"status-publish","4":"has-post-thumbnail","6":"product_brand-ultrra","7":"product_cat-rare-oils-singles","9":"first","10":"instock","11":"shipping-taxable","12":"purchasable","13":"product-type-simple"},"jetpack_sharing_enabled":true,"_links":{"self":[{"href":"https:\/\/dissiiru.com.mx\/index.php\/wp-json\/wp\/v2\/product\/376","targetHints":{"allow":["GET"]}}],"collection":[{"href":"https:\/\/dissiiru.com.mx\/index.php\/wp-json\/wp\/v2\/product"}],"about":[{"href":"https:\/\/dissiiru.com.mx\/index.php\/wp-json\/wp\/v2\/types\/product"}],"replies":[{"embeddable":true,"href":"https:\/\/dissiiru.com.mx\/index.php\/wp-json\/wp\/v2\/comments?post=376"}],"wp:featuredmedia":[{"embeddable":true,"href":"https:\/\/dissiiru.com.mx\/index.php\/wp-json\/wp\/v2\/media\/377"}],"wp:attachment":[{"href":"https:\/\/dissiiru.com.mx\/index.php\/wp-json\/wp\/v2\/media?parent=376"}],"wp:term":[{"taxonomy":"product_brand","embeddable":true,"href":"https:\/\/dissiiru.com.mx\/index.php\/wp-json\/wp\/v2\/product_brand?post=376"},{"taxonomy":"product_cat","embeddable":true,"href":"https:\/\/dissiiru.com.mx\/index.php\/wp-json\/wp\/v2\/product_cat?post=376"},{"taxonomy":"product_tag","embeddable":true,"href":"https:\/\/dissiiru.com.mx\/index.php\/wp-json\/wp\/v2\/product_tag?post=376"}],"curies":[{"name":"wp","href":"https:\/\/api.w.org\/{rel}","templated":true}]}}