{"id":353,"date":"2025-05-24T18:59:23","date_gmt":"2025-05-24T18:59:23","guid":{"rendered":"https:\/\/dissiiru.com.mx\/?post_type=product&#038;p=353"},"modified":"2025-05-27T22:34:10","modified_gmt":"2025-05-27T22:34:10","slug":"oregano","status":"publish","type":"product","link":"https:\/\/dissiiru.com.mx\/index.php\/producto\/oregano\/","title":{"rendered":"Oregano"},"content":{"rendered":"","protected":false},"excerpt":{"rendered":"<p><strong>Oregano<\/strong><\/p>\n<p>Ampliamente utilizado en la cocina y en otros \u00e1mbitos, el or\u00e9gano es uno de los aceites esenciales m\u00e1s potentes. El aceite de or\u00e9gano es un antibi\u00f3tico natural, un potente agente limpiador y rico en antioxidantes.<\/p>\n<ul>\n<li>Purificaci\u00f3n<\/li>\n<li>Apoyo al sistema inmunol\u00f3gico<\/li>\n<li>Promueve una digesti\u00f3n saludable<\/li>\n<\/ul>\n<p>Origen:\u00a0Turqu\u00eda, Europa del Este<\/p>\n<p>M\u00e9todo de recolecci\u00f3n:\u00a0destilaci\u00f3n al vapor<\/p>\n<p>Parte de la planta:\u00a0Hoja<\/p>\n<p>Componentes principales:\u00a0Carvacrol, timol<\/p>\n<p>Descripci\u00f3n arom\u00e1tica:\u00a0Alcanforado, especiado.<\/p>\n","protected":false},"featured_media":354,"comment_status":"open","ping_status":"closed","template":"","meta":[],"product_brand":[31],"product_cat":[26],"product_tag":[],"class_list":{"0":"post-353","1":"product","2":"type-product","3":"status-publish","4":"has-post-thumbnail","6":"product_brand-ultrra","7":"product_cat-rare-oils-singles","9":"first","10":"instock","11":"shipping-taxable","12":"purchasable","13":"product-type-simple"},"jetpack_sharing_enabled":true,"_links":{"self":[{"href":"https:\/\/dissiiru.com.mx\/index.php\/wp-json\/wp\/v2\/product\/353","targetHints":{"allow":["GET"]}}],"collection":[{"href":"https:\/\/dissiiru.com.mx\/index.php\/wp-json\/wp\/v2\/product"}],"about":[{"href":"https:\/\/dissiiru.com.mx\/index.php\/wp-json\/wp\/v2\/types\/product"}],"replies":[{"embeddable":true,"href":"https:\/\/dissiiru.com.mx\/index.php\/wp-json\/wp\/v2\/comments?post=353"}],"wp:featuredmedia":[{"embeddable":true,"href":"https:\/\/dissiiru.com.mx\/index.php\/wp-json\/wp\/v2\/media\/354"}],"wp:attachment":[{"href":"https:\/\/dissiiru.com.mx\/index.php\/wp-json\/wp\/v2\/media?parent=353"}],"wp:term":[{"taxonomy":"product_brand","embeddable":true,"href":"https:\/\/dissiiru.com.mx\/index.php\/wp-json\/wp\/v2\/product_brand?post=353"},{"taxonomy":"product_cat","embeddable":true,"href":"https:\/\/dissiiru.com.mx\/index.php\/wp-json\/wp\/v2\/product_cat?post=353"},{"taxonomy":"product_tag","embeddable":true,"href":"https:\/\/dissiiru.com.mx\/index.php\/wp-json\/wp\/v2\/product_tag?post=353"}],"curies":[{"name":"wp","href":"https:\/\/api.w.org\/{rel}","templated":true}]}}