{"id":312,"date":"2025-05-23T18:45:17","date_gmt":"2025-05-23T18:45:17","guid":{"rendered":"https:\/\/dissiiru.com.mx\/?post_type=product&#038;p=312"},"modified":"2025-05-27T22:48:53","modified_gmt":"2025-05-27T22:48:53","slug":"fresh-2","status":"publish","type":"product","link":"https:\/\/dissiiru.com.mx\/index.php\/producto\/fresh-2\/","title":{"rendered":"Fresh"},"content":{"rendered":"","protected":false},"excerpt":{"rendered":"<p data-start=\"0\" data-end=\"183\"><strong>Fresh<\/strong><br \/>\nLa mezcla <em data-start=\"10\" data-end=\"17\">Fresh<\/em> est\u00e1 formulada para promover una respiraci\u00f3n saludable con ingredientes vigorizantes conocidos por ayudar a minimizar los efectos de las sensibilidades estacionales.<\/p>\n<ul data-start=\"185\" data-end=\"328\">\n<li data-start=\"185\" data-end=\"226\">\n<p data-start=\"187\" data-end=\"226\">Limpia y calma las v\u00edas respiratorias<\/p>\n<\/li>\n<li data-start=\"227\" data-end=\"274\">\n<p data-start=\"229\" data-end=\"274\">Promueve una sensaci\u00f3n de respiraci\u00f3n f\u00e1cil<\/p>\n<\/li>\n<li data-start=\"275\" data-end=\"328\">\n<p data-start=\"277\" data-end=\"328\">Ayuda a minimizar las sensibilidades estacionales<\/p>\n<\/li>\n<\/ul>\n<p data-start=\"330\" data-end=\"440\" data-is-last-node=\"\" data-is-only-node=\"\"><strong data-start=\"330\" data-end=\"365\">Partes de la planta utilizadas:<\/strong><br data-start=\"365\" data-end=\"368\" \/>Ravintsara, Eucalipto, Lim\u00f3n, \u00c1rbol de t\u00e9, Hoja de laurel, Menta, Romero<\/p>\n","protected":false},"featured_media":309,"comment_status":"open","ping_status":"closed","template":"","meta":[],"product_brand":[31],"product_cat":[27],"product_tag":[],"class_list":{"0":"post-312","1":"product","2":"type-product","3":"status-publish","4":"has-post-thumbnail","6":"product_brand-ultrra","7":"product_cat-rare-oils-blends","9":"first","10":"instock","11":"shipping-taxable","12":"purchasable","13":"product-type-simple"},"jetpack_sharing_enabled":true,"_links":{"self":[{"href":"https:\/\/dissiiru.com.mx\/index.php\/wp-json\/wp\/v2\/product\/312","targetHints":{"allow":["GET"]}}],"collection":[{"href":"https:\/\/dissiiru.com.mx\/index.php\/wp-json\/wp\/v2\/product"}],"about":[{"href":"https:\/\/dissiiru.com.mx\/index.php\/wp-json\/wp\/v2\/types\/product"}],"replies":[{"embeddable":true,"href":"https:\/\/dissiiru.com.mx\/index.php\/wp-json\/wp\/v2\/comments?post=312"}],"wp:featuredmedia":[{"embeddable":true,"href":"https:\/\/dissiiru.com.mx\/index.php\/wp-json\/wp\/v2\/media\/309"}],"wp:attachment":[{"href":"https:\/\/dissiiru.com.mx\/index.php\/wp-json\/wp\/v2\/media?parent=312"}],"wp:term":[{"taxonomy":"product_brand","embeddable":true,"href":"https:\/\/dissiiru.com.mx\/index.php\/wp-json\/wp\/v2\/product_brand?post=312"},{"taxonomy":"product_cat","embeddable":true,"href":"https:\/\/dissiiru.com.mx\/index.php\/wp-json\/wp\/v2\/product_cat?post=312"},{"taxonomy":"product_tag","embeddable":true,"href":"https:\/\/dissiiru.com.mx\/index.php\/wp-json\/wp\/v2\/product_tag?post=312"}],"curies":[{"name":"wp","href":"https:\/\/api.w.org\/{rel}","templated":true}]}}