{"id":304,"date":"2025-05-23T18:38:48","date_gmt":"2025-05-23T18:38:48","guid":{"rendered":"https:\/\/dissiiru.com.mx\/?post_type=product&#038;p=304"},"modified":"2025-05-27T22:51:16","modified_gmt":"2025-05-27T22:51:16","slug":"passion-roll-on","status":"publish","type":"product","link":"https:\/\/dissiiru.com.mx\/index.php\/producto\/passion-roll-on\/","title":{"rendered":"Passion Roll-On"},"content":{"rendered":"","protected":false},"excerpt":{"rendered":"<p data-start=\"0\" data-end=\"162\"><strong>Passion Roll-On<\/strong><br \/>\nDale un toque de pasi\u00f3n a tu d\u00eda con esta cautivadora mezcla de <em data-start=\"64\" data-end=\"82\">Ultrra Rare Oils<\/em>. Su dulce aroma despertar\u00e1 tus deseos m\u00e1s profundos y energizar\u00e1 tus emociones.<\/p>\n<p data-start=\"164\" data-end=\"375\" data-is-last-node=\"\" data-is-only-node=\"\"><strong data-start=\"164\" data-end=\"193\">COMPONENTES DE LA MEZCLA:<\/strong><\/p>\n<ul>\n<li data-start=\"164\" data-end=\"375\">Aceite de ylang ylang,<\/li>\n<li data-start=\"164\" data-end=\"375\">Aceite de mirra,<\/li>\n<li data-start=\"164\" data-end=\"375\">Aceite absoluto de jazm\u00edn,<\/li>\n<li data-start=\"164\" data-end=\"375\">Aceite de naranja dulce,<\/li>\n<li data-start=\"164\" data-end=\"375\">Absoluto de rosa,<\/li>\n<li data-start=\"164\" data-end=\"375\">Absoluto de gardenia,<\/li>\n<li data-start=\"164\" data-end=\"375\">Aceite de coco org\u00e1nico fraccionado<\/li>\n<\/ul>\n","protected":false},"featured_media":306,"comment_status":"open","ping_status":"closed","template":"","meta":[],"product_brand":[31],"product_cat":[27],"product_tag":[],"class_list":{"0":"post-304","1":"product","2":"type-product","3":"status-publish","4":"has-post-thumbnail","6":"product_brand-ultrra","7":"product_cat-rare-oils-blends","9":"first","10":"instock","11":"shipping-taxable","12":"purchasable","13":"product-type-simple"},"jetpack_sharing_enabled":true,"_links":{"self":[{"href":"https:\/\/dissiiru.com.mx\/index.php\/wp-json\/wp\/v2\/product\/304","targetHints":{"allow":["GET"]}}],"collection":[{"href":"https:\/\/dissiiru.com.mx\/index.php\/wp-json\/wp\/v2\/product"}],"about":[{"href":"https:\/\/dissiiru.com.mx\/index.php\/wp-json\/wp\/v2\/types\/product"}],"replies":[{"embeddable":true,"href":"https:\/\/dissiiru.com.mx\/index.php\/wp-json\/wp\/v2\/comments?post=304"}],"wp:featuredmedia":[{"embeddable":true,"href":"https:\/\/dissiiru.com.mx\/index.php\/wp-json\/wp\/v2\/media\/306"}],"wp:attachment":[{"href":"https:\/\/dissiiru.com.mx\/index.php\/wp-json\/wp\/v2\/media?parent=304"}],"wp:term":[{"taxonomy":"product_brand","embeddable":true,"href":"https:\/\/dissiiru.com.mx\/index.php\/wp-json\/wp\/v2\/product_brand?post=304"},{"taxonomy":"product_cat","embeddable":true,"href":"https:\/\/dissiiru.com.mx\/index.php\/wp-json\/wp\/v2\/product_cat?post=304"},{"taxonomy":"product_tag","embeddable":true,"href":"https:\/\/dissiiru.com.mx\/index.php\/wp-json\/wp\/v2\/product_tag?post=304"}],"curies":[{"name":"wp","href":"https:\/\/api.w.org\/{rel}","templated":true}]}}