{"id":275,"date":"2025-05-23T18:19:34","date_gmt":"2025-05-23T18:19:34","guid":{"rendered":"https:\/\/dissiiru.com.mx\/?post_type=product&#038;p=275"},"modified":"2025-05-27T23:03:06","modified_gmt":"2025-05-27T23:03:06","slug":"ultrra-cafe-gia","status":"publish","type":"product","link":"https:\/\/dissiiru.com.mx\/index.php\/producto\/ultrra-cafe-gia\/","title":{"rendered":"Ultrra Caf\u00e9 &#8211; GIA"},"content":{"rendered":"<article class=\"text-token-text-primary w-full\" dir=\"auto\" data-testid=\"conversation-turn-18\" data-scroll-anchor=\"true\">\n<div class=\"text-base my-auto mx-auto py-5 [--thread-content-margin:--spacing(4)] @[37rem]:[--thread-content-margin:--spacing(6)] @[72rem]:[--thread-content-margin:--spacing(16)] px-(--thread-content-margin)\">\n<div class=\"[--thread-content-max-width:32rem] @[34rem]:[--thread-content-max-width:40rem] @[64rem]:[--thread-content-max-width:48rem] mx-auto flex max-w-(--thread-content-max-width) flex-1 text-base gap-4 md:gap-5 lg:gap-6 group\/turn-messages focus-visible:outline-hidden\" tabindex=\"-1\">\n<div class=\"group\/conversation-turn relative flex w-full min-w-0 flex-col agent-turn\">\n<div class=\"relative flex-col gap-1 md:gap-3\">\n<div class=\"flex max-w-full flex-col grow\">\n<div class=\"min-h-8 text-message relative flex w-full flex-col items-end gap-2 text-start break-words whitespace-normal [.text-message+&amp;]:mt-5\" dir=\"auto\" data-message-author-role=\"assistant\" data-message-id=\"e2aac929-76aa-4ba6-80a7-d4d571d291d9\" data-message-model-slug=\"gpt-4o\">\n<div class=\"flex w-full flex-col gap-1 empty:hidden first:pt-[3px]\">\n<div class=\"markdown prose dark:prose-invert w-full break-words dark\">\n<p data-start=\"0\" data-end=\"90\">Vac\u00eda 1 sobre en tu taza favorita, a\u00f1ade de 6 a 8 oz de agua caliente, mezcla y \u00a1disfruta!<\/p>\n<p data-start=\"92\" data-end=\"188\">Tambi\u00e9n se puede mezclar y luego agregar hielo para una deliciosa bebida de caf\u00e9 fr\u00eda y cremosa.<\/p>\n<p data-start=\"190\" data-end=\"313\" data-is-last-node=\"\" data-is-only-node=\"\"><strong data-start=\"190\" data-end=\"209\">Almacenamiento:<\/strong> Mant\u00e9n bien cerrado en un lugar fresco y seco, alejado de la humedad, la luz solar y el calor excesivo.<\/p>\n<\/div>\n<\/div>\n<\/div>\n<\/div>\n<\/div>\n<\/div>\n<\/div>\n<\/div>\n<\/article>\n","protected":false},"excerpt":{"rendered":"<p data-start=\"0\" data-end=\"418\">Ultrra Caf\u00e9 &#8211; GIA<br \/>\nCon un sabor tan intenso y completo que te har\u00e1 estremecer, cada taza de <em data-start=\"73\" data-end=\"90\">Ultrra Caf\u00e9 GIA<\/em> est\u00e1 infusionada con una potente mezcla de energ\u00eda de 5 horas. <em data-start=\"154\" data-end=\"171\">Ultrra Caf\u00e9 GIA<\/em> se elabora con granos de caf\u00e9 premium fusionados con nuestros cuatro superbot\u00e1nicos Lingzhi, ofreciendo un impulso inmediato de energ\u00eda <strong data-start=\"308\" data-end=\"321\">saludable<\/strong> y un mejor estado de \u00e1nimo. Vive la experiencia del \u201ccaf\u00e9 para los verdaderos amantes del caf\u00e9\u201d.<\/p>\n<ul data-start=\"420\" data-end=\"635\" data-is-last-node=\"\" data-is-only-node=\"\">\n<li data-start=\"420\" data-end=\"453\">\n<p data-start=\"422\" data-end=\"453\">Hasta 5 horas de energ\u00eda pura<\/p>\n<\/li>\n<li data-start=\"454\" data-end=\"482\">\n<p data-start=\"456\" data-end=\"482\">Sabor profundo y robusto<\/p>\n<\/li>\n<li data-start=\"483\" data-end=\"543\">\n<p data-start=\"485\" data-end=\"543\">Sin aditivos, qu\u00edmicos, rellenos ni agentes aglutinantes<\/p>\n<\/li>\n<li data-start=\"544\" data-end=\"611\">\n<p data-start=\"546\" data-end=\"611\">Empacado en sobres individuales para mayor frescura y comodidad<\/p>\n<\/li>\n<li data-start=\"612\" data-end=\"635\" data-is-last-node=\"\">\n<p data-start=\"614\" data-end=\"635\" data-is-last-node=\"\">30 porciones por caja<\/p>\n<\/li>\n<\/ul>\n","protected":false},"featured_media":278,"comment_status":"open","ping_status":"closed","template":"","meta":[],"product_brand":[31],"product_cat":[28],"product_tag":[],"class_list":{"0":"post-275","1":"product","2":"type-product","3":"status-publish","4":"has-post-thumbnail","6":"product_brand-ultrra","7":"product_cat-beverages","9":"first","10":"instock","11":"shipping-taxable","12":"purchasable","13":"product-type-simple"},"jetpack_sharing_enabled":true,"_links":{"self":[{"href":"https:\/\/dissiiru.com.mx\/index.php\/wp-json\/wp\/v2\/product\/275","targetHints":{"allow":["GET"]}}],"collection":[{"href":"https:\/\/dissiiru.com.mx\/index.php\/wp-json\/wp\/v2\/product"}],"about":[{"href":"https:\/\/dissiiru.com.mx\/index.php\/wp-json\/wp\/v2\/types\/product"}],"replies":[{"embeddable":true,"href":"https:\/\/dissiiru.com.mx\/index.php\/wp-json\/wp\/v2\/comments?post=275"}],"wp:featuredmedia":[{"embeddable":true,"href":"https:\/\/dissiiru.com.mx\/index.php\/wp-json\/wp\/v2\/media\/278"}],"wp:attachment":[{"href":"https:\/\/dissiiru.com.mx\/index.php\/wp-json\/wp\/v2\/media?parent=275"}],"wp:term":[{"taxonomy":"product_brand","embeddable":true,"href":"https:\/\/dissiiru.com.mx\/index.php\/wp-json\/wp\/v2\/product_brand?post=275"},{"taxonomy":"product_cat","embeddable":true,"href":"https:\/\/dissiiru.com.mx\/index.php\/wp-json\/wp\/v2\/product_cat?post=275"},{"taxonomy":"product_tag","embeddable":true,"href":"https:\/\/dissiiru.com.mx\/index.php\/wp-json\/wp\/v2\/product_tag?post=275"}],"curies":[{"name":"wp","href":"https:\/\/api.w.org\/{rel}","templated":true}]}}