{"id":270,"date":"2025-05-23T18:16:25","date_gmt":"2025-05-23T18:16:25","guid":{"rendered":"https:\/\/dissiiru.com.mx\/?post_type=product&#038;p=270"},"modified":"2025-05-27T23:05:22","modified_gmt":"2025-05-27T23:05:22","slug":"cardamon","status":"publish","type":"product","link":"https:\/\/dissiiru.com.mx\/index.php\/producto\/cardamon\/","title":{"rendered":"Cardamon"},"content":{"rendered":"","protected":false},"excerpt":{"rendered":"<p data-start=\"0\" data-end=\"171\"><strong>Cardamom<\/strong><\/p>\n<p data-start=\"0\" data-end=\"425\"><strong data-start=\"0\" data-end=\"13\">Cardamom<\/strong>\u00a0es un miembro de la familia del jengibre, con un aroma especiado y vigorizante que produce un suave efecto estimulante. Difundir aceite de cardamomo alegra el \u00e1nimo y el ambiente, ayudando adem\u00e1s a aliviar la inquietud. Como una de las especias m\u00e1s antiguas utilizadas en la cocina, el aceite esencial de cardamomo tambi\u00e9n es excelente para uso t\u00f3pico cuando se diluye con <strong data-start=\"387\" data-end=\"424\">Ultrra Aceite de Coco Fraccionado<\/strong>.<\/p>\n<ul data-start=\"427\" data-end=\"514\">\n<li data-start=\"427\" data-end=\"458\">\n<p data-start=\"429\" data-end=\"458\">Alivia el sistema digestivo<\/p>\n<\/li>\n<li data-start=\"459\" data-end=\"484\">\n<p data-start=\"461\" data-end=\"484\">Estimulante emocional<\/p>\n<\/li>\n<li data-start=\"485\" data-end=\"514\">\n<p data-start=\"487\" data-end=\"514\">Promueve la concentraci\u00f3n<\/p>\n<\/li>\n<\/ul>\n<p data-start=\"516\" data-end=\"535\"><strong data-start=\"516\" data-end=\"527\">Origen:<\/strong> India<\/p>\n<p data-start=\"537\" data-end=\"586\"><strong data-start=\"537\" data-end=\"562\">M\u00e9todo de extracci\u00f3n:<\/strong> Destilaci\u00f3n por vapor<\/p>\n<p data-start=\"588\" data-end=\"621\"><strong data-start=\"588\" data-end=\"611\">Parte de la planta:<\/strong> Semilla<\/p>\n<p data-start=\"623\" data-end=\"686\"><strong data-start=\"623\" data-end=\"651\">Componentes principales:<\/strong> Acetato de terpinilo, 1,8-cineol<\/p>\n<p data-start=\"688\" data-end=\"741\" data-is-last-node=\"\" data-is-only-node=\"\"><strong data-start=\"688\" data-end=\"714\">Descripci\u00f3n arom\u00e1tica:<\/strong> Dulce, bals\u00e1mica, afrutada<\/p>\n<p data-start=\"0\" data-end=\"275\"><span style=\"background-color: transparent;\">andreno, \u00df-pineno, alcanfor<\/span><\/p>\n<p data-start=\"543\" data-end=\"596\" data-is-last-node=\"\" data-is-only-node=\"\"><strong data-start=\"543\" data-end=\"569\">Descripci\u00f3n arom\u00e1tica:<\/strong> Afrutada, suave, bals\u00e1mica<\/p>\n","protected":false},"featured_media":271,"comment_status":"open","ping_status":"closed","template":"","meta":[],"product_brand":[31],"product_cat":[26],"product_tag":[],"class_list":{"0":"post-270","1":"product","2":"type-product","3":"status-publish","4":"has-post-thumbnail","6":"product_brand-ultrra","7":"product_cat-rare-oils-singles","9":"first","10":"instock","11":"shipping-taxable","12":"purchasable","13":"product-type-simple"},"jetpack_sharing_enabled":true,"_links":{"self":[{"href":"https:\/\/dissiiru.com.mx\/index.php\/wp-json\/wp\/v2\/product\/270","targetHints":{"allow":["GET"]}}],"collection":[{"href":"https:\/\/dissiiru.com.mx\/index.php\/wp-json\/wp\/v2\/product"}],"about":[{"href":"https:\/\/dissiiru.com.mx\/index.php\/wp-json\/wp\/v2\/types\/product"}],"replies":[{"embeddable":true,"href":"https:\/\/dissiiru.com.mx\/index.php\/wp-json\/wp\/v2\/comments?post=270"}],"wp:featuredmedia":[{"embeddable":true,"href":"https:\/\/dissiiru.com.mx\/index.php\/wp-json\/wp\/v2\/media\/271"}],"wp:attachment":[{"href":"https:\/\/dissiiru.com.mx\/index.php\/wp-json\/wp\/v2\/media?parent=270"}],"wp:term":[{"taxonomy":"product_brand","embeddable":true,"href":"https:\/\/dissiiru.com.mx\/index.php\/wp-json\/wp\/v2\/product_brand?post=270"},{"taxonomy":"product_cat","embeddable":true,"href":"https:\/\/dissiiru.com.mx\/index.php\/wp-json\/wp\/v2\/product_cat?post=270"},{"taxonomy":"product_tag","embeddable":true,"href":"https:\/\/dissiiru.com.mx\/index.php\/wp-json\/wp\/v2\/product_tag?post=270"}],"curies":[{"name":"wp","href":"https:\/\/api.w.org\/{rel}","templated":true}]}}