{"id":269,"date":"2025-05-23T18:16:20","date_gmt":"2025-05-23T18:16:20","guid":{"rendered":"https:\/\/dissiiru.com.mx\/?post_type=product&#038;p=269"},"modified":"2025-05-27T23:06:53","modified_gmt":"2025-05-27T23:06:53","slug":"ice","status":"publish","type":"product","link":"https:\/\/dissiiru.com.mx\/index.php\/producto\/ice\/","title":{"rendered":"ICE"},"content":{"rendered":"","protected":false},"excerpt":{"rendered":"<p data-start=\"0\" data-end=\"291\"><strong>ICE<\/strong><br \/>\n\u00a1Libera la versi\u00f3n m\u00e1s radiante de tu piel! Di adi\u00f3s a la textura irregular, los poros dilatados y los signos de envejecimiento, y dale la bienvenida a una luminosidad renovada y juvenil que brilla desde el interior. <em data-start=\"217\" data-end=\"226\">Oji ICE<\/em> es tu elixir especializado para una piel cuidada y revitalizada.<\/p>\n<ul data-start=\"293\" data-end=\"434\" data-is-last-node=\"\" data-is-only-node=\"\">\n<li data-start=\"293\" data-end=\"307\">\n<p data-start=\"295\" data-end=\"307\">Iluminador<\/p>\n<\/li>\n<li data-start=\"308\" data-end=\"332\">\n<p data-start=\"310\" data-end=\"332\">Reparador de la piel<\/p>\n<\/li>\n<li data-start=\"333\" data-end=\"372\">\n<p data-start=\"335\" data-end=\"372\">Hidratante, tonificante y nutritivo<\/p>\n<\/li>\n<li data-start=\"373\" data-end=\"404\">\n<p data-start=\"375\" data-end=\"404\">Avanzado antienvejecimiento<\/p>\n<\/li>\n<li data-start=\"405\" data-end=\"434\" data-is-last-node=\"\">\n<p data-start=\"407\" data-end=\"434\" data-is-last-node=\"\">Apto para todo tipo de piel<\/p>\n<\/li>\n<\/ul>\n","protected":false},"featured_media":272,"comment_status":"open","ping_status":"closed","template":"","meta":[],"product_brand":[31],"product_cat":[29],"product_tag":[],"class_list":{"0":"post-269","1":"product","2":"type-product","3":"status-publish","4":"has-post-thumbnail","6":"product_brand-ultrra","7":"product_cat-oji-skincare","9":"first","10":"instock","11":"shipping-taxable","12":"purchasable","13":"product-type-simple"},"jetpack_sharing_enabled":true,"_links":{"self":[{"href":"https:\/\/dissiiru.com.mx\/index.php\/wp-json\/wp\/v2\/product\/269","targetHints":{"allow":["GET"]}}],"collection":[{"href":"https:\/\/dissiiru.com.mx\/index.php\/wp-json\/wp\/v2\/product"}],"about":[{"href":"https:\/\/dissiiru.com.mx\/index.php\/wp-json\/wp\/v2\/types\/product"}],"replies":[{"embeddable":true,"href":"https:\/\/dissiiru.com.mx\/index.php\/wp-json\/wp\/v2\/comments?post=269"}],"wp:featuredmedia":[{"embeddable":true,"href":"https:\/\/dissiiru.com.mx\/index.php\/wp-json\/wp\/v2\/media\/272"}],"wp:attachment":[{"href":"https:\/\/dissiiru.com.mx\/index.php\/wp-json\/wp\/v2\/media?parent=269"}],"wp:term":[{"taxonomy":"product_brand","embeddable":true,"href":"https:\/\/dissiiru.com.mx\/index.php\/wp-json\/wp\/v2\/product_brand?post=269"},{"taxonomy":"product_cat","embeddable":true,"href":"https:\/\/dissiiru.com.mx\/index.php\/wp-json\/wp\/v2\/product_cat?post=269"},{"taxonomy":"product_tag","embeddable":true,"href":"https:\/\/dissiiru.com.mx\/index.php\/wp-json\/wp\/v2\/product_tag?post=269"}],"curies":[{"name":"wp","href":"https:\/\/api.w.org\/{rel}","templated":true}]}}