{"id":253,"date":"2025-05-23T17:47:29","date_gmt":"2025-05-23T17:47:29","guid":{"rendered":"https:\/\/dissiiru.com.mx\/?post_type=product&#038;p=253"},"modified":"2025-05-27T23:15:35","modified_gmt":"2025-05-27T23:15:35","slug":"aps-30ml","status":"publish","type":"product","link":"https:\/\/dissiiru.com.mx\/index.php\/producto\/aps-30ml\/","title":{"rendered":"APS &#8211; 30ml"},"content":{"rendered":"","protected":false},"excerpt":{"rendered":"<p data-start=\"0\" data-end=\"274\"><em data-start=\"0\" data-end=\"12\"><strong>APS &#8211; 30ml<\/strong><br \/>\nUltrra APS<\/em> contiene poderosos nutrientes conocidos por apoyar un sistema inmunol\u00f3gico saludable. Durante las temporadas en las que los virus y las bacterias se transmiten con facilidad, fortalece tu sistema inmunol\u00f3gico para ayudar a tu cuerpo a mantener una salud \u00f3ptima.<\/p>\n<ul data-start=\"276\" data-end=\"435\" data-is-last-node=\"\" data-is-only-node=\"\">\n<li data-start=\"276\" data-end=\"332\">\n<p data-start=\"278\" data-end=\"332\">F\u00f3rmula de alto impacto para el sistema inmunol\u00f3gico<\/p>\n<\/li>\n<li data-start=\"333\" data-end=\"376\">\n<p data-start=\"335\" data-end=\"376\">Gotas l\u00edquidas de absorci\u00f3n instant\u00e1nea<\/p>\n<\/li>\n<li data-start=\"377\" data-end=\"435\" data-is-last-node=\"\">\n<p data-start=\"379\" data-end=\"435\" data-is-last-node=\"\">Enriquecido con Monolaurina, Plata Coloidal y Vitamina C<\/p>\n<\/li>\n<\/ul>\n","protected":false},"featured_media":254,"comment_status":"open","ping_status":"closed","template":"","meta":[],"product_brand":[31],"product_cat":[22],"product_tag":[],"class_list":{"0":"post-253","1":"product","2":"type-product","3":"status-publish","4":"has-post-thumbnail","6":"product_brand-ultrra","7":"product_cat-nutritionals","9":"first","10":"instock","11":"shipping-taxable","12":"purchasable","13":"product-type-simple"},"jetpack_sharing_enabled":true,"_links":{"self":[{"href":"https:\/\/dissiiru.com.mx\/index.php\/wp-json\/wp\/v2\/product\/253","targetHints":{"allow":["GET"]}}],"collection":[{"href":"https:\/\/dissiiru.com.mx\/index.php\/wp-json\/wp\/v2\/product"}],"about":[{"href":"https:\/\/dissiiru.com.mx\/index.php\/wp-json\/wp\/v2\/types\/product"}],"replies":[{"embeddable":true,"href":"https:\/\/dissiiru.com.mx\/index.php\/wp-json\/wp\/v2\/comments?post=253"}],"wp:featuredmedia":[{"embeddable":true,"href":"https:\/\/dissiiru.com.mx\/index.php\/wp-json\/wp\/v2\/media\/254"}],"wp:attachment":[{"href":"https:\/\/dissiiru.com.mx\/index.php\/wp-json\/wp\/v2\/media?parent=253"}],"wp:term":[{"taxonomy":"product_brand","embeddable":true,"href":"https:\/\/dissiiru.com.mx\/index.php\/wp-json\/wp\/v2\/product_brand?post=253"},{"taxonomy":"product_cat","embeddable":true,"href":"https:\/\/dissiiru.com.mx\/index.php\/wp-json\/wp\/v2\/product_cat?post=253"},{"taxonomy":"product_tag","embeddable":true,"href":"https:\/\/dissiiru.com.mx\/index.php\/wp-json\/wp\/v2\/product_tag?post=253"}],"curies":[{"name":"wp","href":"https:\/\/api.w.org\/{rel}","templated":true}]}}