{"id":244,"date":"2025-05-23T17:43:43","date_gmt":"2025-05-23T17:43:43","guid":{"rendered":"https:\/\/dissiiru.com.mx\/?post_type=product&#038;p=244"},"modified":"2025-05-27T23:17:13","modified_gmt":"2025-05-27T23:17:13","slug":"pro-shake-chocolate-malt","status":"publish","type":"product","link":"https:\/\/dissiiru.com.mx\/index.php\/producto\/pro-shake-chocolate-malt\/","title":{"rendered":"Pro Shake Chocolate Malt"},"content":{"rendered":"<p data-start=\"0\" data-end=\"73\">Vierte de 8 a 12 oz de agua fr\u00eda en un vaso mezclador o botella batidora.<\/p>\n<p data-start=\"75\" data-end=\"121\">Agrega 1 a 2 cucharadas de <em data-start=\"102\" data-end=\"120\">Ultrra Pro Shake<\/em>.<\/p>\n<p data-start=\"123\" data-end=\"176\">Agita o lic\u00faa en\u00e9rgicamente durante 15 a 30 segundos.<\/p>\n<p data-start=\"178\" data-end=\"188\">\u00a1Disfruta!<\/p>\n<p data-start=\"190\" data-end=\"313\" data-is-last-node=\"\" data-is-only-node=\"\"><strong data-start=\"190\" data-end=\"209\">Almacenamiento:<\/strong> Mant\u00e9n bien cerrado en un lugar fresco y seco, alejado de la humedad, la luz solar y el calor excesivo.<\/p>\n","protected":false},"excerpt":{"rendered":"<p data-start=\"0\" data-end=\"442\"><strong>Pro Shake Chocolate Malt<\/strong><br \/>\n\u00bfAlguna vez te has saltado una comida porque siempre est\u00e1s en movimiento? El <em data-start=\"77\" data-end=\"91\">Ultrra Shake<\/em> es un batido dos en uno: sustituto de comida y fuente de prote\u00edna. Elaborado con ingredientes completamente naturales, sin az\u00facares y con un excelente sabor, <em data-start=\"250\" data-end=\"264\">Ultrra Shake<\/em> es ideal para reemplazar una comida cuando necesitas acelerar la p\u00e9rdida de peso o para a\u00f1adirlo a tu lista diaria de snacks y as\u00ed complementar tu energ\u00eda y desarrollo muscular.<\/p>\n<ul data-start=\"444\" data-end=\"655\" data-is-last-node=\"\" data-is-only-node=\"\">\n<li data-start=\"444\" data-end=\"464\">\n<p data-start=\"446\" data-end=\"464\">Bajo en calor\u00edas<\/p>\n<\/li>\n<li data-start=\"465\" data-end=\"484\">\n<p data-start=\"467\" data-end=\"484\">Libre de gluten<\/p>\n<\/li>\n<li data-start=\"485\" data-end=\"531\">\n<p data-start=\"487\" data-end=\"531\">Apoya el desarrollo de masa muscular magra<\/p>\n<\/li>\n<li data-start=\"532\" data-end=\"564\">\n<p data-start=\"534\" data-end=\"564\">Controla el \u00edndice gluc\u00e9mico<\/p>\n<\/li>\n<li data-start=\"565\" data-end=\"597\">\n<p data-start=\"567\" data-end=\"597\">Favorece un apetito moderado<\/p>\n<\/li>\n<li data-start=\"598\" data-end=\"655\" data-is-last-node=\"\">\n<p data-start=\"600\" data-end=\"655\" data-is-last-node=\"\">16 g de prote\u00ednas vegetales para una absorci\u00f3n completa<\/p>\n<\/li>\n<\/ul>\n","protected":false},"featured_media":245,"comment_status":"open","ping_status":"closed","template":"","meta":[],"product_brand":[31],"product_cat":[22],"product_tag":[],"class_list":{"0":"post-244","1":"product","2":"type-product","3":"status-publish","4":"has-post-thumbnail","6":"product_brand-ultrra","7":"product_cat-nutritionals","9":"first","10":"instock","11":"shipping-taxable","12":"purchasable","13":"product-type-simple"},"jetpack_sharing_enabled":true,"_links":{"self":[{"href":"https:\/\/dissiiru.com.mx\/index.php\/wp-json\/wp\/v2\/product\/244","targetHints":{"allow":["GET"]}}],"collection":[{"href":"https:\/\/dissiiru.com.mx\/index.php\/wp-json\/wp\/v2\/product"}],"about":[{"href":"https:\/\/dissiiru.com.mx\/index.php\/wp-json\/wp\/v2\/types\/product"}],"replies":[{"embeddable":true,"href":"https:\/\/dissiiru.com.mx\/index.php\/wp-json\/wp\/v2\/comments?post=244"}],"wp:featuredmedia":[{"embeddable":true,"href":"https:\/\/dissiiru.com.mx\/index.php\/wp-json\/wp\/v2\/media\/245"}],"wp:attachment":[{"href":"https:\/\/dissiiru.com.mx\/index.php\/wp-json\/wp\/v2\/media?parent=244"}],"wp:term":[{"taxonomy":"product_brand","embeddable":true,"href":"https:\/\/dissiiru.com.mx\/index.php\/wp-json\/wp\/v2\/product_brand?post=244"},{"taxonomy":"product_cat","embeddable":true,"href":"https:\/\/dissiiru.com.mx\/index.php\/wp-json\/wp\/v2\/product_cat?post=244"},{"taxonomy":"product_tag","embeddable":true,"href":"https:\/\/dissiiru.com.mx\/index.php\/wp-json\/wp\/v2\/product_tag?post=244"}],"curies":[{"name":"wp","href":"https:\/\/api.w.org\/{rel}","templated":true}]}}