{"id":240,"date":"2025-05-23T17:40:04","date_gmt":"2025-05-23T17:40:04","guid":{"rendered":"https:\/\/dissiiru.com.mx\/?post_type=product&#038;p=240"},"modified":"2025-05-27T23:18:12","modified_gmt":"2025-05-27T23:18:12","slug":"pro-shake-vanilla-cream","status":"publish","type":"product","link":"https:\/\/dissiiru.com.mx\/index.php\/producto\/pro-shake-vanilla-cream\/","title":{"rendered":"Pro Shake Vanilla Cream"},"content":{"rendered":"<p data-start=\"0\" data-end=\"75\">Vierte de 8 a 12 oz de agua fr\u00eda en un vaso mezclador o botella mezcladora.<\/p>\n<p data-start=\"77\" data-end=\"123\">Agrega 1 a 2 cucharadas de <em data-start=\"104\" data-end=\"122\">Ultrra Pro Shake<\/em>.<\/p>\n<p data-start=\"125\" data-end=\"178\">Agita o lic\u00faa en\u00e9rgicamente durante 15 a 30 segundos.<\/p>\n<p data-start=\"180\" data-end=\"190\">\u00a1Disfruta!<\/p>\n<p data-start=\"192\" data-end=\"315\" data-is-last-node=\"\" data-is-only-node=\"\"><strong data-start=\"192\" data-end=\"211\">Almacenamiento:<\/strong> Mant\u00e9n bien cerrado en un lugar fresco y seco, alejado de la humedad, la luz solar y el calor excesivo.<\/p>\n","protected":false},"excerpt":{"rendered":"<p data-start=\"0\" data-end=\"436\"><strong>Pro Shake Vanilla Cream<\/strong><br \/>\n\u00bfAlguna vez te has saltado una comida porque siempre est\u00e1s en movimiento? El <em data-start=\"77\" data-end=\"91\">Ultrra Shake<\/em> es un sustituto de comida y batido de prote\u00edna dos en uno. Mezclado con ingredientes completamente naturales, sin az\u00facares y con un gran sabor, el <em data-start=\"239\" data-end=\"257\">Ultrra Pro Shake<\/em> es ideal para reemplazar una comida cuando necesitas acelerar la p\u00e9rdida de peso, o para a\u00f1adirlo a tu lista diaria de snacks y as\u00ed complementar tu energ\u00eda y desarrollo muscular.<\/p>\n<ul data-start=\"438\" data-end=\"638\" data-is-last-node=\"\" data-is-only-node=\"\">\n<li data-start=\"438\" data-end=\"458\">\n<p data-start=\"440\" data-end=\"458\">Bajo en calor\u00edas<\/p>\n<\/li>\n<li data-start=\"459\" data-end=\"478\">\n<p data-start=\"461\" data-end=\"478\">Libre de gluten<\/p>\n<\/li>\n<li data-start=\"479\" data-end=\"525\">\n<p data-start=\"481\" data-end=\"525\">Apoya el desarrollo de masa muscular magra<\/p>\n<\/li>\n<li data-start=\"526\" data-end=\"547\">\n<p data-start=\"528\" data-end=\"547\">Control gluc\u00e9mico<\/p>\n<\/li>\n<li data-start=\"548\" data-end=\"580\">\n<p data-start=\"550\" data-end=\"580\">Favorece un apetito moderado<\/p>\n<\/li>\n<li data-start=\"581\" data-end=\"638\" data-is-last-node=\"\">\n<p data-start=\"583\" data-end=\"638\" data-is-last-node=\"\">16 g de prote\u00ednas vegetales para una absorci\u00f3n completa<\/p>\n<\/li>\n<\/ul>\n","protected":false},"featured_media":241,"comment_status":"open","ping_status":"closed","template":"","meta":[],"product_brand":[31],"product_cat":[22],"product_tag":[],"class_list":{"0":"post-240","1":"product","2":"type-product","3":"status-publish","4":"has-post-thumbnail","6":"product_brand-ultrra","7":"product_cat-nutritionals","9":"first","10":"instock","11":"shipping-taxable","12":"purchasable","13":"product-type-simple"},"jetpack_sharing_enabled":true,"_links":{"self":[{"href":"https:\/\/dissiiru.com.mx\/index.php\/wp-json\/wp\/v2\/product\/240","targetHints":{"allow":["GET"]}}],"collection":[{"href":"https:\/\/dissiiru.com.mx\/index.php\/wp-json\/wp\/v2\/product"}],"about":[{"href":"https:\/\/dissiiru.com.mx\/index.php\/wp-json\/wp\/v2\/types\/product"}],"replies":[{"embeddable":true,"href":"https:\/\/dissiiru.com.mx\/index.php\/wp-json\/wp\/v2\/comments?post=240"}],"wp:featuredmedia":[{"embeddable":true,"href":"https:\/\/dissiiru.com.mx\/index.php\/wp-json\/wp\/v2\/media\/241"}],"wp:attachment":[{"href":"https:\/\/dissiiru.com.mx\/index.php\/wp-json\/wp\/v2\/media?parent=240"}],"wp:term":[{"taxonomy":"product_brand","embeddable":true,"href":"https:\/\/dissiiru.com.mx\/index.php\/wp-json\/wp\/v2\/product_brand?post=240"},{"taxonomy":"product_cat","embeddable":true,"href":"https:\/\/dissiiru.com.mx\/index.php\/wp-json\/wp\/v2\/product_cat?post=240"},{"taxonomy":"product_tag","embeddable":true,"href":"https:\/\/dissiiru.com.mx\/index.php\/wp-json\/wp\/v2\/product_tag?post=240"}],"curies":[{"name":"wp","href":"https:\/\/api.w.org\/{rel}","templated":true}]}}