{"id":228,"date":"2025-05-23T07:23:37","date_gmt":"2025-05-23T07:23:37","guid":{"rendered":"https:\/\/dissiiru.com.mx\/?post_type=product&#038;p=228"},"modified":"2025-05-27T23:18:55","modified_gmt":"2025-05-27T23:18:55","slug":"genki","status":"publish","type":"product","link":"https:\/\/dissiiru.com.mx\/index.php\/producto\/genki\/","title":{"rendered":"Genki"},"content":{"rendered":"<p data-start=\"0\" data-end=\"95\">Mezcla <strong data-start=\"7\" data-end=\"16\">Genki<\/strong> con tu jugo favorito o con agua. Toma 1-2 sobres al d\u00eda junto con las comidas.<\/p>\n<p data-start=\"97\" data-end=\"230\" data-is-last-node=\"\" data-is-only-node=\"\"><strong data-start=\"97\" data-end=\"116\">Almacenamiento:<\/strong> Mant\u00e9n el envase bien cerrado en un lugar fresco y seco, alejado de la humedad, la luz solar y el calor excesivo.<\/p>\n","protected":false},"excerpt":{"rendered":"<p data-start=\"0\" data-end=\"442\"><strong data-start=\"0\" data-end=\"9\">Genki<\/strong><br \/>\nGenki es el primer multivitam\u00ednico verdaderamente completo, con una f\u00f3rmula exclusiva antiinflamatoria, antienvejecimiento, con omegas y de rejuvenecimiento celular. Las mezclas patentadas de Genki incluyen nuestra f\u00f3rmula NanoHC3 en tr\u00e1mite de patente, Resvera-Z, 150 mg de CoQ10 y m\u00e1s de 50 potentes ingredientes naturales combinados de forma sin\u00e9rgica para mejorar todas las funciones esenciales del cuerpo y alcanzar una salud \u00f3ptima.<\/p>\n<ul>\n<li data-start=\"444\" data-end=\"673\">9 complejos vitales<\/li>\n<li data-start=\"444\" data-end=\"673\">F\u00f3rmula en polvo de r\u00e1pida absorci\u00f3n<\/li>\n<li data-start=\"444\" data-end=\"673\">Dosis Diarias \u00d3ptimas<\/li>\n<li data-start=\"444\" data-end=\"673\">Mezcla de omegas para la salud del coraz\u00f3n<\/li>\n<li data-start=\"444\" data-end=\"673\">Mezcla celular antienvejecimiento<\/li>\n<li data-start=\"444\" data-end=\"673\">Mezcla de apoyo al sistema inmunol\u00f3gic<\/li>\n<\/ul>\n","protected":false},"featured_media":229,"comment_status":"open","ping_status":"closed","template":"","meta":[],"product_brand":[31],"product_cat":[22],"product_tag":[],"class_list":{"0":"post-228","1":"product","2":"type-product","3":"status-publish","4":"has-post-thumbnail","6":"product_brand-ultrra","7":"product_cat-nutritionals","9":"first","10":"instock","11":"shipping-taxable","12":"purchasable","13":"product-type-simple"},"jetpack_sharing_enabled":true,"_links":{"self":[{"href":"https:\/\/dissiiru.com.mx\/index.php\/wp-json\/wp\/v2\/product\/228","targetHints":{"allow":["GET"]}}],"collection":[{"href":"https:\/\/dissiiru.com.mx\/index.php\/wp-json\/wp\/v2\/product"}],"about":[{"href":"https:\/\/dissiiru.com.mx\/index.php\/wp-json\/wp\/v2\/types\/product"}],"replies":[{"embeddable":true,"href":"https:\/\/dissiiru.com.mx\/index.php\/wp-json\/wp\/v2\/comments?post=228"}],"wp:featuredmedia":[{"embeddable":true,"href":"https:\/\/dissiiru.com.mx\/index.php\/wp-json\/wp\/v2\/media\/229"}],"wp:attachment":[{"href":"https:\/\/dissiiru.com.mx\/index.php\/wp-json\/wp\/v2\/media?parent=228"}],"wp:term":[{"taxonomy":"product_brand","embeddable":true,"href":"https:\/\/dissiiru.com.mx\/index.php\/wp-json\/wp\/v2\/product_brand?post=228"},{"taxonomy":"product_cat","embeddable":true,"href":"https:\/\/dissiiru.com.mx\/index.php\/wp-json\/wp\/v2\/product_cat?post=228"},{"taxonomy":"product_tag","embeddable":true,"href":"https:\/\/dissiiru.com.mx\/index.php\/wp-json\/wp\/v2\/product_tag?post=228"}],"curies":[{"name":"wp","href":"https:\/\/api.w.org\/{rel}","templated":true}]}}