{"id":225,"date":"2025-05-23T07:19:05","date_gmt":"2025-05-23T07:19:05","guid":{"rendered":"https:\/\/dissiiru.com.mx\/?post_type=product&#038;p=225"},"modified":"2025-05-27T23:19:31","modified_gmt":"2025-05-27T23:19:31","slug":"enzymes","status":"publish","type":"product","link":"https:\/\/dissiiru.com.mx\/index.php\/producto\/enzymes\/","title":{"rendered":"Enzymes"},"content":{"rendered":"<p data-start=\"0\" data-end=\"96\">Tome 1-2 c\u00e1psulas al inicio de cada comida (aproximadamente 15 minutos antes), dos veces al d\u00eda.<\/p>\n<p data-start=\"98\" data-end=\"231\" data-is-last-node=\"\" data-is-only-node=\"\"><strong data-start=\"98\" data-end=\"117\">Almacenamiento:<\/strong> Mantenga el envase bien cerrado en un lugar fresco y seco, lejos de la humedad, la luz solar y el calor excesivo.<\/p>\n","protected":false},"excerpt":{"rendered":"<p data-start=\"0\" data-end=\"387\"><strong data-start=\"0\" data-end=\"18\">Ultrra Enzymes<\/strong><br \/>\nUltrra Enzymes favorece una digesti\u00f3n equilibrada y el transporte adecuado de nutrientes en el cuerpo. Los s\u00edntomas como acidez estomacal, reflujo \u00e1cido, hinchaz\u00f3n, indigesti\u00f3n, gases y estre\u00f1imiento suelen deberse a la falta de enzimas en el sistema digestivo, lo cual ocurre principalmente porque las enzimas presentes en los alimentos se destruyen por el calor durante la cocci\u00f3n.<\/p>\n<ul>\n<li data-start=\"389\" data-end=\"626\">Promueve un proceso digestivo equilibrado y saludable<\/li>\n<li data-start=\"389\" data-end=\"626\">Mezcla de apoyo para la biodisponibilidad<\/li>\n<li data-start=\"389\" data-end=\"626\">Mejora la absorci\u00f3n de nutrientes<\/li>\n<li data-start=\"389\" data-end=\"626\">Ayuda a mantener niveles saludables de az\u00facar en sangre<\/li>\n<li data-start=\"389\" data-end=\"626\">100 % de origen vegetal<\/li>\n<\/ul>\n","protected":false},"featured_media":226,"comment_status":"open","ping_status":"closed","template":"","meta":[],"product_brand":[31],"product_cat":[22],"product_tag":[],"class_list":{"0":"post-225","1":"product","2":"type-product","3":"status-publish","4":"has-post-thumbnail","6":"product_brand-ultrra","7":"product_cat-nutritionals","9":"first","10":"instock","11":"shipping-taxable","12":"purchasable","13":"product-type-simple"},"jetpack_sharing_enabled":true,"_links":{"self":[{"href":"https:\/\/dissiiru.com.mx\/index.php\/wp-json\/wp\/v2\/product\/225","targetHints":{"allow":["GET"]}}],"collection":[{"href":"https:\/\/dissiiru.com.mx\/index.php\/wp-json\/wp\/v2\/product"}],"about":[{"href":"https:\/\/dissiiru.com.mx\/index.php\/wp-json\/wp\/v2\/types\/product"}],"replies":[{"embeddable":true,"href":"https:\/\/dissiiru.com.mx\/index.php\/wp-json\/wp\/v2\/comments?post=225"}],"wp:featuredmedia":[{"embeddable":true,"href":"https:\/\/dissiiru.com.mx\/index.php\/wp-json\/wp\/v2\/media\/226"}],"wp:attachment":[{"href":"https:\/\/dissiiru.com.mx\/index.php\/wp-json\/wp\/v2\/media?parent=225"}],"wp:term":[{"taxonomy":"product_brand","embeddable":true,"href":"https:\/\/dissiiru.com.mx\/index.php\/wp-json\/wp\/v2\/product_brand?post=225"},{"taxonomy":"product_cat","embeddable":true,"href":"https:\/\/dissiiru.com.mx\/index.php\/wp-json\/wp\/v2\/product_cat?post=225"},{"taxonomy":"product_tag","embeddable":true,"href":"https:\/\/dissiiru.com.mx\/index.php\/wp-json\/wp\/v2\/product_tag?post=225"}],"curies":[{"name":"wp","href":"https:\/\/api.w.org\/{rel}","templated":true}]}}