{"id":222,"date":"2025-05-23T07:13:11","date_gmt":"2025-05-23T07:13:11","guid":{"rendered":"https:\/\/dissiiru.com.mx\/?post_type=product&#038;p=222"},"modified":"2025-05-27T23:20:06","modified_gmt":"2025-05-27T23:20:06","slug":"slim","status":"publish","type":"product","link":"https:\/\/dissiiru.com.mx\/index.php\/producto\/slim\/","title":{"rendered":"Slim"},"content":{"rendered":"<p data-start=\"0\" data-end=\"96\">Tome 1-2 c\u00e1psulas al inicio de cada comida (aproximadamente 15 minutos antes), dos veces al d\u00eda.<\/p>\n<p data-start=\"98\" data-end=\"231\" data-is-last-node=\"\" data-is-only-node=\"\"><strong data-start=\"98\" data-end=\"117\">Almacenamiento:<\/strong> Mantenga el frasco bien cerrado en un lugar fresco y seco, lejos de la humedad, la luz solar y el calor excesivo.<\/p>\n","protected":false},"excerpt":{"rendered":"<p data-start=\"0\" data-end=\"406\"><strong data-start=\"3\" data-end=\"18\">Ultrra Slim<\/strong><br \/>\nEl Ultrra Slim estimula de forma natural la quema de calor\u00edas al combinar potentes hierbas, sin los qu\u00edmicos que se encuentran en la mayor\u00eda de los quemadores de grasa. Aunque hacer ejercicio con regularidad y llevar una dieta equilibrada son claves en cualquier plan de control de peso, nuestro cuerpo a veces necesita un impulso adicional para alcanzar los mejores resultados y el m\u00e1ximo rendimiento.<\/p>\n<ul>\n<li>Mezcla para masa muscular magra<\/li>\n<li>Supresor del apetito<\/li>\n<li>Producci\u00f3n de energ\u00eda<\/li>\n<li>Bloqueador de grasas y carbohidratos<\/li>\n<li>Control gluc\u00e9mico<\/li>\n<li>Mezcla de apoyo para la tiroides<\/li>\n<\/ul>\n","protected":false},"featured_media":223,"comment_status":"open","ping_status":"closed","template":"","meta":[],"product_brand":[31],"product_cat":[22],"product_tag":[],"class_list":{"0":"post-222","1":"product","2":"type-product","3":"status-publish","4":"has-post-thumbnail","6":"product_brand-ultrra","7":"product_cat-nutritionals","9":"first","10":"instock","11":"shipping-taxable","12":"purchasable","13":"product-type-simple"},"jetpack_sharing_enabled":true,"_links":{"self":[{"href":"https:\/\/dissiiru.com.mx\/index.php\/wp-json\/wp\/v2\/product\/222","targetHints":{"allow":["GET"]}}],"collection":[{"href":"https:\/\/dissiiru.com.mx\/index.php\/wp-json\/wp\/v2\/product"}],"about":[{"href":"https:\/\/dissiiru.com.mx\/index.php\/wp-json\/wp\/v2\/types\/product"}],"replies":[{"embeddable":true,"href":"https:\/\/dissiiru.com.mx\/index.php\/wp-json\/wp\/v2\/comments?post=222"}],"wp:featuredmedia":[{"embeddable":true,"href":"https:\/\/dissiiru.com.mx\/index.php\/wp-json\/wp\/v2\/media\/223"}],"wp:attachment":[{"href":"https:\/\/dissiiru.com.mx\/index.php\/wp-json\/wp\/v2\/media?parent=222"}],"wp:term":[{"taxonomy":"product_brand","embeddable":true,"href":"https:\/\/dissiiru.com.mx\/index.php\/wp-json\/wp\/v2\/product_brand?post=222"},{"taxonomy":"product_cat","embeddable":true,"href":"https:\/\/dissiiru.com.mx\/index.php\/wp-json\/wp\/v2\/product_cat?post=222"},{"taxonomy":"product_tag","embeddable":true,"href":"https:\/\/dissiiru.com.mx\/index.php\/wp-json\/wp\/v2\/product_tag?post=222"}],"curies":[{"name":"wp","href":"https:\/\/api.w.org\/{rel}","templated":true}]}}