{"id":175,"date":"2025-05-23T02:14:33","date_gmt":"2025-05-23T02:14:33","guid":{"rendered":"https:\/\/dissiiru.com.mx\/?post_type=product&#038;p=175"},"modified":"2025-05-27T23:20:55","modified_gmt":"2025-05-27T23:20:55","slug":"detox-set","status":"publish","type":"product","link":"https:\/\/dissiiru.com.mx\/index.php\/producto\/detox-set\/","title":{"rendered":"Detox Set"},"content":{"rendered":"<h3 data-start=\"169\" data-end=\"182\"><strong data-start=\"173\" data-end=\"182\">D\u00eda 1<\/strong><\/h3>\n<p data-start=\"184\" data-end=\"254\"><strong data-start=\"184\" data-end=\"195\">Ma\u00f1ana:<\/strong><br data-start=\"195\" data-end=\"198\" \/>Desayuna ligero, con poca o nada de grasa y sin l\u00e1cteos.<\/p>\n<p data-start=\"256\" data-end=\"431\"><strong data-start=\"256\" data-end=\"277\">Prepara tu Detox:<\/strong><br data-start=\"277\" data-end=\"280\" \/>Mezcla toda la botella de Detox 1 con 710 ml (24 oz) de jugo de manzana org\u00e1nico. (Puedes usar agua, pero el jugo de manzana org\u00e1nico es m\u00e1s efectivo).<\/p>\n<p data-start=\"433\" data-end=\"573\">Guarda la mezcla de Detox 1 en el refrigerador. Aseg\u00farate de tener un pomelo (toronja) o un lim\u00f3n fresco en el refrigerador para el Detox 2.<\/p>\n<p data-start=\"575\" data-end=\"654\"><strong data-start=\"575\" data-end=\"588\">Almuerzo:<\/strong><br data-start=\"588\" data-end=\"591\" \/>Come un almuerzo ligero con poca o nada de grasa y sin l\u00e1cteos.<\/p>\n<p data-start=\"656\" data-end=\"813\"><strong data-start=\"656\" data-end=\"682\">Despu\u00e9s de las 2 p.m.:<\/strong><br data-start=\"682\" data-end=\"685\" \/>No comas ni bebas nada (esto prepara tu h\u00edgado para el paso Detox 2. Si tienes mucha sed, puedes tomar peque\u00f1os sorbos de agua).<\/p>\n<p data-start=\"820\" data-end=\"923\"><strong data-start=\"820\" data-end=\"839\">\u2610 A las 6 p.m.:<\/strong> Bebe 180 ml (6 oz) de Detox 1.<br data-start=\"870\" data-end=\"873\" \/><strong data-start=\"873\" data-end=\"892\">\u2610 A las 8 p.m.:<\/strong> Bebe 180 ml (6 oz) de Detox 1.<\/p>\n<p data-start=\"925\" data-end=\"1039\">(Si no tienes una medida, puedes llenar la botella de Detox 1 hasta el tope; eso equivale aproximadamente a 6 oz).<\/p>\n<p data-start=\"1041\" data-end=\"1527\"><strong data-start=\"1041\" data-end=\"1094\">\u2610 A la hora de dormir (alrededor de las 10 p.m.):<\/strong><br data-start=\"1094\" data-end=\"1097\" \/>DESPU\u00c9S de prepararte para dormir, exprime un pomelo o lim\u00f3n fresco en la botella de Detox 2. Bebe toda la mezcla en menos de 5 minutos. Tan pronto termines, acu\u00e9state sobre tu COSTADO DERECHO por al menos 20 minutos. Puedes dormir en esa posici\u00f3n. Esto permite que el Detox 2 se acumule en la parte final de tu h\u00edgado, creando un efecto de vac\u00edo que extrae las toxinas. Si escuchas ruidos en el est\u00f3mago o intestinos, \u00a1es normal!<\/p>\n<p data-start=\"1534\" data-end=\"1748\"><strong data-start=\"1534\" data-end=\"1543\">Nota:<\/strong><br data-start=\"1543\" data-end=\"1546\" \/>No mezcles la botella de Detox 1 con la de Detox 2.<br data-start=\"1597\" data-end=\"1600\" \/>No comas mientras haces el detox. Puedes sentirte congestionado, con n\u00e1useas o \u00abindispuesto\u00bb mientras movilizas y eliminas las toxinas de tu cuerpo.<\/p>\n<h3 data-start=\"1755\" data-end=\"1768\"><strong data-start=\"1759\" data-end=\"1768\">D\u00eda 2<\/strong><\/h3>\n<p data-start=\"1770\" data-end=\"1835\"><strong data-start=\"1770\" data-end=\"1783\">\u2610 Ma\u00f1ana:<\/strong><br data-start=\"1783\" data-end=\"1786\" \/>Apenas despiertes, bebe 180 ml (6 oz) de Detox 1.<\/p>\n<p data-start=\"1837\" data-end=\"1904\"><strong data-start=\"1837\" data-end=\"1859\">\u2610 2 horas despu\u00e9s:<\/strong><br data-start=\"1859\" data-end=\"1862\" \/>Bebe los \u00faltimos 180 ml (6 oz) de Detox 1.<\/p>\n<p data-start=\"1906\" data-end=\"2202\"><strong data-start=\"1906\" data-end=\"1918\">Efectos:<\/strong><br data-start=\"1918\" data-end=\"1921\" \/>Una vez que comiences a tener evacuaciones intestinales, podr\u00edas tener 2 o 3 (o m\u00e1s) evacuaciones fuertes en poco tiempo. Esto es normal. Una vez que comiences a evacuar, \u00a1bebe mucha agua!<br data-start=\"2109\" data-end=\"2112\" \/>Puedes comer tu primera comida 4 horas despu\u00e9s de haber bebido la \u00faltima dosis de Detox 1.<\/p>\n<p data-start=\"2209\" data-end=\"2832\"><strong data-start=\"2209\" data-end=\"2224\">Resultados:<\/strong><br data-start=\"2224\" data-end=\"2227\" \/>Al eliminar toxinas, es buena se\u00f1al ver part\u00edculas rojas o verdes: indican bilis vieja y piedras del h\u00edgado o ves\u00edcula. Las part\u00edculas negras son piedras m\u00e1s antiguas acumuladas. No es un proceso doloroso. En el d\u00eda 2 eliminar\u00e1s todas las toxinas acumuladas; si tienes dolor de cabeza, es se\u00f1al de que tu cuerpo est\u00e1 sintiendo el movimiento de las toxinas. Puede tomar uno o dos d\u00edas para que tu cuerpo se reajuste, pero despu\u00e9s te sentir\u00e1s incre\u00edble.<br data-start=\"2678\" data-end=\"2681\" \/>Recuerda: el Detox no es un producto para perder peso, aunque podr\u00edas notar una ligera p\u00e9rdida. Su prop\u00f3sito principal es limpiar el cuerpo de toxinas.<\/p>\n<p data-start=\"2839\" data-end=\"3015\"><strong data-start=\"2839\" data-end=\"2856\">\u00a1Felicidades!<\/strong><br data-start=\"2856\" data-end=\"2859\" \/>Acabas de eliminar toxinas acumuladas en tu cuerpo. Se recomienda hacer una limpieza Detox cada 1 a 3 meses, seg\u00fan tu estilo de vida y h\u00e1bitos alimenticios.<\/p>\n<p data-start=\"3022\" data-end=\"3212\"><strong data-start=\"3022\" data-end=\"3031\">Nota:<\/strong><br data-start=\"3031\" data-end=\"3034\" \/>Mujeres embarazadas o lactando no deben hacer Detox. Consulta a tu m\u00e9dico antes de comenzar cualquier r\u00e9gimen de desintoxicaci\u00f3n o p\u00e9rdida de peso si est\u00e1s en tratamiento m\u00e9dico.<\/p>\n<p data-start=\"3214\" data-end=\"3351\"><strong data-start=\"3214\" data-end=\"3233\">Almacenamiento:<\/strong><br data-start=\"3233\" data-end=\"3236\" \/>Mant\u00e9n el producto bien cerrado en un lugar fresco y seco, alejado de la humedad, la luz solar y el calor excesivo.<\/p>\n","protected":false},"excerpt":{"rendered":"<p data-start=\"0\" data-end=\"291\"><strong>Detox Set<\/strong><br \/>\nEl <em data-start=\"3\" data-end=\"17\">Ultrra Detox<\/em> es una mezcla exclusiva de ingredientes naturales y org\u00e1nicos que ayuda a eliminar toxinas de tu cuerpo con un solo uso. Al eliminar las toxinas acumuladas en el h\u00edgado y en el resto del cuerpo, <em data-start=\"213\" data-end=\"227\">Ultrra Detox<\/em> est\u00e1 dise\u00f1ado para promover un sistema equilibrado y saludable.<\/p>\n<ul data-start=\"293\" data-end=\"548\" data-is-last-node=\"\" data-is-only-node=\"\">\n<li data-start=\"293\" data-end=\"337\">\n<p data-start=\"295\" data-end=\"337\">Promueve h\u00e1bitos alimenticios saludables<\/p>\n<\/li>\n<li data-start=\"338\" data-end=\"391\">\n<p data-start=\"340\" data-end=\"391\">Favorece la salud del cabello, la piel y las u\u00f1as<\/p>\n<\/li>\n<li data-start=\"392\" data-end=\"428\">\n<p data-start=\"394\" data-end=\"428\">Apoya la eliminaci\u00f3n de desechos<\/p>\n<\/li>\n<li data-start=\"429\" data-end=\"465\">\n<p data-start=\"431\" data-end=\"465\">Promueve una digesti\u00f3n saludable<\/p>\n<\/li>\n<li data-start=\"466\" data-end=\"548\" data-is-last-node=\"\">\n<p data-start=\"468\" data-end=\"548\" data-is-last-node=\"\">Favorece la limpieza para el buen funcionamiento del h\u00edgado y la ves\u00edcula biliar<\/p>\n<\/li>\n<\/ul>\n","protected":false},"featured_media":176,"comment_status":"open","ping_status":"closed","template":"","meta":[],"product_brand":[31],"product_cat":[22],"product_tag":[],"class_list":{"0":"post-175","1":"product","2":"type-product","3":"status-publish","4":"has-post-thumbnail","6":"product_brand-ultrra","7":"product_cat-nutritionals","9":"first","10":"instock","11":"shipping-taxable","12":"purchasable","13":"product-type-simple"},"jetpack_sharing_enabled":true,"_links":{"self":[{"href":"https:\/\/dissiiru.com.mx\/index.php\/wp-json\/wp\/v2\/product\/175","targetHints":{"allow":["GET"]}}],"collection":[{"href":"https:\/\/dissiiru.com.mx\/index.php\/wp-json\/wp\/v2\/product"}],"about":[{"href":"https:\/\/dissiiru.com.mx\/index.php\/wp-json\/wp\/v2\/types\/product"}],"replies":[{"embeddable":true,"href":"https:\/\/dissiiru.com.mx\/index.php\/wp-json\/wp\/v2\/comments?post=175"}],"wp:featuredmedia":[{"embeddable":true,"href":"https:\/\/dissiiru.com.mx\/index.php\/wp-json\/wp\/v2\/media\/176"}],"wp:attachment":[{"href":"https:\/\/dissiiru.com.mx\/index.php\/wp-json\/wp\/v2\/media?parent=175"}],"wp:term":[{"taxonomy":"product_brand","embeddable":true,"href":"https:\/\/dissiiru.com.mx\/index.php\/wp-json\/wp\/v2\/product_brand?post=175"},{"taxonomy":"product_cat","embeddable":true,"href":"https:\/\/dissiiru.com.mx\/index.php\/wp-json\/wp\/v2\/product_cat?post=175"},{"taxonomy":"product_tag","embeddable":true,"href":"https:\/\/dissiiru.com.mx\/index.php\/wp-json\/wp\/v2\/product_tag?post=175"}],"curies":[{"name":"wp","href":"https:\/\/api.w.org\/{rel}","templated":true}]}}